{"id":1656,"date":"2026-02-13T01:45:04","date_gmt":"2026-02-12T17:45:04","guid":{"rendered":"https:\/\/www.tekno.bali-island.com\/?page_id=1656"},"modified":"2026-04-07T14:23:34","modified_gmt":"2026-04-07T06:23:34","slug":"ueber-uns","status":"publish","type":"page","link":"https:\/\/tekno.bali-island.com\/de\/ueber-uns\/","title":{"rendered":"\u00dcber uns"},"content":{"rendered":"\n<p><a href=\"https:\/\/tekno.bali-island.com\/de\/\"><strong>tekno.bali-island.com<\/strong><\/a> ist eine digitale Medienplattform, die informative, l\u00f6sungsorientierte und relevante Einblicke in die Welt der Technologie bietet. Wir verstehen uns als verl\u00e4sslicher Technologie-Ratgeber f\u00fcr indonesische Leser und legen Wert auf pr\u00e4zise Informationen, einfache Verst\u00e4ndlichkeit und objektive Bewertungen.<br><a href=\"https:\/\/tekno.bali-island.com\/de\/\"><strong>tekno.bali-island.com<\/strong><\/a> wurde mit der Leidenschaft gegr\u00fcndet, die Komplexit\u00e4t der digitalen Welt zu vereinfachen. Wir bieten Ihnen eine Vielzahl an ausf\u00fchrlichen Beitr\u00e4gen \u2013 von den neuesten Gadgets und Computer-Ratgebern \u00fcber Empfehlungen f\u00fcr produktive Anwendungen bis hin zu praktischen Tipps und Tricks f\u00fcr Ihren Alltag.<br>Wir sind \u00fcberzeugt, dass Technologie das Leben erleichtern und nicht verkomplizieren sollte. Deshalb vermittelt Wilanpedia nicht nur technische Spezifikationen, sondern bietet Ihnen auch Einblicke, L\u00f6sungen und Inspiration, damit Sie das Potenzial der Technologie in Ihren H\u00e4nden optimal nutzen k\u00f6nnen.<\/p>\n\n\n\n<h2 class=\"wp-block-heading\">Kontakt<\/h2>\n\n\n\n<p>E-Mail: info@bali-island.com<\/p>\n\n\n\n<p><\/p>\n\n\n\n<p><\/p>\n","protected":false},"excerpt":{"rendered":"<p>tekno.bali-island.com ist eine digitale Medienplattform, die informative, l\u00f6sungsorientierte und relevante Einblicke in die Welt der Technologie bietet. Wir verstehen uns als verl\u00e4sslicher Technologie-Ratgeber f\u00fcr indonesische Leser und legen Wert auf pr\u00e4zise Informationen, einfache Verst\u00e4ndlichkeit und objektive Bewertungen.tekno.bali-island.com wurde mit der Leidenschaft gegr\u00fcndet, die Komplexit\u00e4t der digitalen Welt zu vereinfachen. Wir bieten Ihnen eine Vielzahl an ausf\u00fchrlichen Beitr\u00e4gen \u2013 von den neuesten Gadgets und Computer-Ratgebern \u00fcber Empfehlungen f\u00fcr produktive Anwendungen bis hin zu praktischen Tipps und Tricks f\u00fcr Ihren Alltag.Wir sind \u00fcberzeugt, dass Technologie das Leben erleichtern und nicht verkomplizieren sollte. Deshalb vermittelt Wilanpedia nicht nur technische Spezifikationen, sondern bietet Ihnen auch Einblicke, L\u00f6sungen und Inspiration, damit Sie das Potenzial der Technologie in Ihren H\u00e4nden optimal nutzen k\u00f6nnen. Kontakt E-Mail: info@bali-island.com<\/p>\n","protected":false},"author":1,"featured_media":0,"parent":0,"menu_order":0,"comment_status":"closed","ping_status":"closed","template":"","meta":{"_acf_changed":false,"footnotes":""},"class_list":["post-1656","page","type-page","status-publish","hentry"],"acf":[],"yoast_head":"<!-- This site is optimized with the Yoast SEO plugin v26.7 - https:\/\/yoast.com\/wordpress\/plugins\/seo\/ -->\n<title>\u00dcber uns<\/title>\n<meta name=\"description\" content=\"\u00dcber Bali Island Tekno: Wir bieten informative und lehrreiche Informationen zu Gadgets, Computern, Anwendungen sowie Tipps und Tricks.\" \/>\n<meta name=\"robots\" content=\"index, follow, max-snippet:-1, max-image-preview:large, max-video-preview:-1\" \/>\n<link rel=\"canonical\" href=\"https:\/\/tekno.bali-island.com\/de\/ueber-uns\/\" \/>\n<meta property=\"og:locale\" content=\"de_DE\" \/>\n<meta property=\"og:type\" content=\"article\" \/>\n<meta property=\"og:title\" content=\"\u00dcber uns\" \/>\n<meta property=\"og:description\" content=\"\u00dcber Bali Island Tekno: Wir bieten informative und lehrreiche Informationen zu Gadgets, Computern, Anwendungen sowie Tipps und Tricks.\" \/>\n<meta property=\"og:url\" content=\"https:\/\/tekno.bali-island.com\/de\/ueber-uns\/\" \/>\n<meta property=\"og:site_name\" content=\"Bali Island Tekno\" \/>\n<meta property=\"article:publisher\" content=\"https:\/\/www.facebook.com\/people\/Wilanpedia\/61575048527927\/\" \/>\n<meta property=\"article:modified_time\" content=\"2026-04-07T06:23:34+00:00\" \/>\n<meta property=\"og:image\" content=\"https:\/\/tekno.bali-island.com\/wp-content\/uploads\/2026\/04\/Logo-Tekno-Bali-Island.webp\" \/>\n\t<meta property=\"og:image:width\" content=\"512\" \/>\n\t<meta property=\"og:image:height\" content=\"512\" \/>\n\t<meta property=\"og:image:type\" content=\"image\/webp\" \/>\n<meta name=\"twitter:card\" content=\"summary_large_image\" \/>\n<meta name=\"twitter:label1\" content=\"Gesch\u00e4tzte Lesezeit\" \/>\n\t<meta name=\"twitter:data1\" content=\"1\u00a0Minute\" \/>\n<script type=\"application\/ld+json\" class=\"yoast-schema-graph\">{\"@context\":\"https:\/\/schema.org\",\"@graph\":[{\"@type\":\"WebPage\",\"@id\":\"https:\/\/tekno.bali-island.com\/de\/ueber-uns\/\",\"url\":\"https:\/\/tekno.bali-island.com\/de\/ueber-uns\/\",\"name\":\"\u00dcber uns\",\"isPartOf\":{\"@id\":\"https:\/\/tekno.bali-island.com\/de\/#website\"},\"datePublished\":\"2026-02-12T17:45:04+00:00\",\"dateModified\":\"2026-04-07T06:23:34+00:00\",\"description\":\"\u00dcber Bali Island Tekno: Wir bieten informative und lehrreiche Informationen zu Gadgets, Computern, Anwendungen sowie Tipps und Tricks.\",\"breadcrumb\":{\"@id\":\"https:\/\/tekno.bali-island.com\/de\/ueber-uns\/#breadcrumb\"},\"inLanguage\":\"de\",\"potentialAction\":[{\"@type\":\"ReadAction\",\"target\":[\"https:\/\/tekno.bali-island.com\/de\/ueber-uns\/\"]}]},{\"@type\":\"BreadcrumbList\",\"@id\":\"https:\/\/tekno.bali-island.com\/de\/ueber-uns\/#breadcrumb\",\"itemListElement\":[{\"@type\":\"ListItem\",\"position\":1,\"name\":\"Home\",\"item\":\"https:\/\/tekno.bali-island.com\/de\/\"},{\"@type\":\"ListItem\",\"position\":2,\"name\":\"\u00dcber uns\"}]},{\"@type\":\"WebSite\",\"@id\":\"https:\/\/tekno.bali-island.com\/de\/#website\",\"url\":\"https:\/\/tekno.bali-island.com\/de\/\",\"name\":\"Bali Island Tekno\",\"description\":\"\",\"publisher\":{\"@id\":\"https:\/\/tekno.bali-island.com\/de\/#organization\"},\"potentialAction\":[{\"@type\":\"SearchAction\",\"target\":{\"@type\":\"EntryPoint\",\"urlTemplate\":\"https:\/\/tekno.bali-island.com\/de\/?s={search_term_string}\"},\"query-input\":{\"@type\":\"PropertyValueSpecification\",\"valueRequired\":true,\"valueName\":\"search_term_string\"}}],\"inLanguage\":\"de\"},{\"@type\":\"Organization\",\"@id\":\"https:\/\/tekno.bali-island.com\/de\/#organization\",\"name\":\"Bali Island Tekno\",\"url\":\"https:\/\/tekno.bali-island.com\/de\/\",\"logo\":{\"@type\":\"ImageObject\",\"inLanguage\":\"de\",\"@id\":\"https:\/\/tekno.bali-island.com\/de\/#\/schema\/logo\/image\/\",\"url\":\"https:\/\/tekno.bali-island.com\/wp-content\/uploads\/2026\/04\/Logo-Tekno-Bali-Island.webp\",\"contentUrl\":\"https:\/\/tekno.bali-island.com\/wp-content\/uploads\/2026\/04\/Logo-Tekno-Bali-Island.webp\",\"width\":512,\"height\":512,\"caption\":\"Bali Island Tekno\"},\"image\":{\"@id\":\"https:\/\/tekno.bali-island.com\/de\/#\/schema\/logo\/image\/\"},\"sameAs\":[\"https:\/\/www.facebook.com\/people\/Wilanpedia\/61575048527927\/\"]}]}<\/script>\n<!-- \/ Yoast SEO plugin. -->","yoast_head_json":{"title":"\u00dcber uns","description":"\u00dcber Bali Island Tekno: Wir bieten informative und lehrreiche Informationen zu Gadgets, Computern, Anwendungen sowie Tipps und Tricks.","robots":{"index":"index","follow":"follow","max-snippet":"max-snippet:-1","max-image-preview":"max-image-preview:large","max-video-preview":"max-video-preview:-1"},"canonical":"https:\/\/tekno.bali-island.com\/de\/ueber-uns\/","og_locale":"de_DE","og_type":"article","og_title":"\u00dcber uns","og_description":"\u00dcber Bali Island Tekno: Wir bieten informative und lehrreiche Informationen zu Gadgets, Computern, Anwendungen sowie Tipps und Tricks.","og_url":"https:\/\/tekno.bali-island.com\/de\/ueber-uns\/","og_site_name":"Bali Island Tekno","article_publisher":"https:\/\/www.facebook.com\/people\/Wilanpedia\/61575048527927\/","article_modified_time":"2026-04-07T06:23:34+00:00","og_image":[{"width":512,"height":512,"url":"https:\/\/tekno.bali-island.com\/wp-content\/uploads\/2026\/04\/Logo-Tekno-Bali-Island.webp","type":"image\/webp"}],"twitter_card":"summary_large_image","twitter_misc":{"Gesch\u00e4tzte Lesezeit":"1\u00a0Minute"},"schema":{"@context":"https:\/\/schema.org","@graph":[{"@type":"WebPage","@id":"https:\/\/tekno.bali-island.com\/de\/ueber-uns\/","url":"https:\/\/tekno.bali-island.com\/de\/ueber-uns\/","name":"\u00dcber uns","isPartOf":{"@id":"https:\/\/tekno.bali-island.com\/de\/#website"},"datePublished":"2026-02-12T17:45:04+00:00","dateModified":"2026-04-07T06:23:34+00:00","description":"\u00dcber Bali Island Tekno: Wir bieten informative und lehrreiche Informationen zu Gadgets, Computern, Anwendungen sowie Tipps und Tricks.","breadcrumb":{"@id":"https:\/\/tekno.bali-island.com\/de\/ueber-uns\/#breadcrumb"},"inLanguage":"de","potentialAction":[{"@type":"ReadAction","target":["https:\/\/tekno.bali-island.com\/de\/ueber-uns\/"]}]},{"@type":"BreadcrumbList","@id":"https:\/\/tekno.bali-island.com\/de\/ueber-uns\/#breadcrumb","itemListElement":[{"@type":"ListItem","position":1,"name":"Home","item":"https:\/\/tekno.bali-island.com\/de\/"},{"@type":"ListItem","position":2,"name":"\u00dcber uns"}]},{"@type":"WebSite","@id":"https:\/\/tekno.bali-island.com\/de\/#website","url":"https:\/\/tekno.bali-island.com\/de\/","name":"Bali Island Tekno","description":"","publisher":{"@id":"https:\/\/tekno.bali-island.com\/de\/#organization"},"potentialAction":[{"@type":"SearchAction","target":{"@type":"EntryPoint","urlTemplate":"https:\/\/tekno.bali-island.com\/de\/?s={search_term_string}"},"query-input":{"@type":"PropertyValueSpecification","valueRequired":true,"valueName":"search_term_string"}}],"inLanguage":"de"},{"@type":"Organization","@id":"https:\/\/tekno.bali-island.com\/de\/#organization","name":"Bali Island Tekno","url":"https:\/\/tekno.bali-island.com\/de\/","logo":{"@type":"ImageObject","inLanguage":"de","@id":"https:\/\/tekno.bali-island.com\/de\/#\/schema\/logo\/image\/","url":"https:\/\/tekno.bali-island.com\/wp-content\/uploads\/2026\/04\/Logo-Tekno-Bali-Island.webp","contentUrl":"https:\/\/tekno.bali-island.com\/wp-content\/uploads\/2026\/04\/Logo-Tekno-Bali-Island.webp","width":512,"height":512,"caption":"Bali Island Tekno"},"image":{"@id":"https:\/\/tekno.bali-island.com\/de\/#\/schema\/logo\/image\/"},"sameAs":["https:\/\/www.facebook.com\/people\/Wilanpedia\/61575048527927\/"]}]}},"_links":{"self":[{"href":"https:\/\/tekno.bali-island.com\/de\/wp-json\/wp\/v2\/pages\/1656","targetHints":{"allow":["GET"]}}],"collection":[{"href":"https:\/\/tekno.bali-island.com\/de\/wp-json\/wp\/v2\/pages"}],"about":[{"href":"https:\/\/tekno.bali-island.com\/de\/wp-json\/wp\/v2\/types\/page"}],"author":[{"embeddable":true,"href":"https:\/\/tekno.bali-island.com\/de\/wp-json\/wp\/v2\/users\/1"}],"replies":[{"embeddable":true,"href":"https:\/\/tekno.bali-island.com\/de\/wp-json\/wp\/v2\/comments?post=1656"}],"version-history":[{"count":4,"href":"https:\/\/tekno.bali-island.com\/de\/wp-json\/wp\/v2\/pages\/1656\/revisions"}],"predecessor-version":[{"id":2540,"href":"https:\/\/tekno.bali-island.com\/de\/wp-json\/wp\/v2\/pages\/1656\/revisions\/2540"}],"wp:attachment":[{"href":"https:\/\/tekno.bali-island.com\/de\/wp-json\/wp\/v2\/media?parent=1656"}],"curies":[{"name":"wp","href":"https:\/\/api.w.org\/{rel}","templated":true}]}}