{"id":1660,"date":"2026-02-13T01:45:04","date_gmt":"2026-02-12T17:45:04","guid":{"rendered":"https:\/\/www.tekno.bali-island.com\/?page_id=1660"},"modified":"2026-04-07T14:28:25","modified_gmt":"2026-04-07T06:28:25","slug":"sobre-nosotros","status":"publish","type":"page","link":"https:\/\/tekno.bali-island.com\/es\/sobre-nosotros\/","title":{"rendered":"Sobre nosotros"},"content":{"rendered":"\n<p><a href=\"https:\/\/tekno.bali-island.com\/es\/\"><strong>tekno.bali-island.com<\/strong><\/a> es una plataforma digital dedicada a ofrecer informaci\u00f3n tecnol\u00f3gica relevante, orientada a soluciones e informativa. Nos comprometemos a ser una gu\u00eda tecnol\u00f3gica de confianza para los lectores indonesios, priorizando la informaci\u00f3n precisa, la facilidad de comprensi\u00f3n y las rese\u00f1as objetivas.<br>Fundada con la pasi\u00f3n de simplificar las complejidades del mundo digital, <a href=\"https:\/\/tekno.bali-island.com\/es\/\"><strong>tekno.bali-island.com<\/strong><\/a>  ofrece una variedad de an\u00e1lisis exhaustivos, desde los \u00faltimos gadgets y gu\u00edas inform\u00e1ticas hasta recomendaciones de aplicaciones productivas y consejos y trucos pr\u00e1cticos para ayudarte en tu d\u00eda a d\u00eda.<br>Creemos que la tecnolog\u00eda deber\u00eda simplificar las cosas, no confundirlas. Por lo tanto, Wilanpedia est\u00e1 aqu\u00ed no solo para compartir especificaciones t\u00e9cnicas, sino tambi\u00e9n para ofrecerte informaci\u00f3n, soluciones e inspiraci\u00f3n para que puedas aprovechar al m\u00e1ximo la tecnolog\u00eda que tienes a tu disposici\u00f3n.<\/p>\n\n\n\n<h2 class=\"wp-block-heading\">Contacto<\/h2>\n\n\n\n<p>Correo electr\u00f3nico: info@bali-island.com<\/p>\n\n\n\n<p><\/p>\n","protected":false},"excerpt":{"rendered":"<p>tekno.bali-island.com es una plataforma digital dedicada a ofrecer informaci\u00f3n tecnol\u00f3gica relevante, orientada a soluciones e informativa. Nos comprometemos a ser una gu\u00eda tecnol\u00f3gica de confianza para los lectores indonesios, priorizando la informaci\u00f3n precisa, la facilidad de comprensi\u00f3n y las rese\u00f1as objetivas.Fundada con la pasi\u00f3n de simplificar las complejidades del mundo digital, tekno.bali-island.com ofrece una variedad de an\u00e1lisis exhaustivos, desde los \u00faltimos gadgets y gu\u00edas inform\u00e1ticas hasta recomendaciones de aplicaciones productivas y consejos y trucos pr\u00e1cticos para ayudarte en tu d\u00eda a d\u00eda.Creemos que la tecnolog\u00eda deber\u00eda simplificar las cosas, no confundirlas. Por lo tanto, Wilanpedia est\u00e1 aqu\u00ed no solo para compartir especificaciones t\u00e9cnicas, sino tambi\u00e9n para ofrecerte informaci\u00f3n, soluciones e inspiraci\u00f3n para que puedas aprovechar al m\u00e1ximo la tecnolog\u00eda que tienes a tu disposici\u00f3n. Contacto Correo electr\u00f3nico: info@bali-island.com<\/p>\n","protected":false},"author":1,"featured_media":0,"parent":0,"menu_order":0,"comment_status":"closed","ping_status":"closed","template":"","meta":{"_acf_changed":false,"footnotes":""},"class_list":["post-1660","page","type-page","status-publish","hentry"],"acf":[],"yoast_head":"<!-- This site is optimized with the Yoast SEO plugin v26.7 - https:\/\/yoast.com\/wordpress\/plugins\/seo\/ -->\n<title>Sobre nosotros<\/title>\n<meta name=\"description\" content=\"Acerca de Bali Island Tekno : Informaci\u00f3n informativa y educativa sobre gadgets, ordenadores, aplicaciones, consejos y trucos.\" \/>\n<meta name=\"robots\" content=\"index, follow, max-snippet:-1, max-image-preview:large, max-video-preview:-1\" \/>\n<link rel=\"canonical\" href=\"https:\/\/tekno.bali-island.com\/es\/sobre-nosotros\/\" \/>\n<meta property=\"og:locale\" content=\"es_ES\" \/>\n<meta property=\"og:type\" content=\"article\" \/>\n<meta property=\"og:title\" content=\"Sobre nosotros\" \/>\n<meta property=\"og:description\" content=\"Acerca de Bali Island Tekno : Informaci\u00f3n informativa y educativa sobre gadgets, ordenadores, aplicaciones, consejos y trucos.\" \/>\n<meta property=\"og:url\" content=\"https:\/\/tekno.bali-island.com\/es\/sobre-nosotros\/\" \/>\n<meta property=\"og:site_name\" content=\"Bali Island Tekno\" \/>\n<meta property=\"article:publisher\" content=\"https:\/\/www.facebook.com\/people\/Wilanpedia\/61575048527927\/\" \/>\n<meta property=\"article:modified_time\" content=\"2026-04-07T06:28:25+00:00\" \/>\n<meta property=\"og:image\" content=\"https:\/\/tekno.bali-island.com\/wp-content\/uploads\/2026\/04\/Logo-Tekno-Bali-Island.webp\" \/>\n\t<meta property=\"og:image:width\" content=\"512\" \/>\n\t<meta property=\"og:image:height\" content=\"512\" \/>\n\t<meta property=\"og:image:type\" content=\"image\/webp\" \/>\n<meta name=\"twitter:card\" content=\"summary_large_image\" \/>\n<meta name=\"twitter:label1\" content=\"Tiempo de lectura\" \/>\n\t<meta name=\"twitter:data1\" content=\"1 minuto\" \/>\n<script type=\"application\/ld+json\" class=\"yoast-schema-graph\">{\"@context\":\"https:\/\/schema.org\",\"@graph\":[{\"@type\":\"WebPage\",\"@id\":\"https:\/\/tekno.bali-island.com\/es\/sobre-nosotros\/\",\"url\":\"https:\/\/tekno.bali-island.com\/es\/sobre-nosotros\/\",\"name\":\"Sobre nosotros\",\"isPartOf\":{\"@id\":\"https:\/\/tekno.bali-island.com\/es\/#website\"},\"datePublished\":\"2026-02-12T17:45:04+00:00\",\"dateModified\":\"2026-04-07T06:28:25+00:00\",\"description\":\"Acerca de Bali Island Tekno : Informaci\u00f3n informativa y educativa sobre gadgets, ordenadores, aplicaciones, consejos y trucos.\",\"breadcrumb\":{\"@id\":\"https:\/\/tekno.bali-island.com\/es\/sobre-nosotros\/#breadcrumb\"},\"inLanguage\":\"es\",\"potentialAction\":[{\"@type\":\"ReadAction\",\"target\":[\"https:\/\/tekno.bali-island.com\/es\/sobre-nosotros\/\"]}]},{\"@type\":\"BreadcrumbList\",\"@id\":\"https:\/\/tekno.bali-island.com\/es\/sobre-nosotros\/#breadcrumb\",\"itemListElement\":[{\"@type\":\"ListItem\",\"position\":1,\"name\":\"Home\",\"item\":\"https:\/\/tekno.bali-island.com\/es\/\"},{\"@type\":\"ListItem\",\"position\":2,\"name\":\"Sobre nosotros\"}]},{\"@type\":\"WebSite\",\"@id\":\"https:\/\/tekno.bali-island.com\/es\/#website\",\"url\":\"https:\/\/tekno.bali-island.com\/es\/\",\"name\":\"Bali Island Tekno\",\"description\":\"\",\"publisher\":{\"@id\":\"https:\/\/tekno.bali-island.com\/es\/#organization\"},\"potentialAction\":[{\"@type\":\"SearchAction\",\"target\":{\"@type\":\"EntryPoint\",\"urlTemplate\":\"https:\/\/tekno.bali-island.com\/es\/?s={search_term_string}\"},\"query-input\":{\"@type\":\"PropertyValueSpecification\",\"valueRequired\":true,\"valueName\":\"search_term_string\"}}],\"inLanguage\":\"es\"},{\"@type\":\"Organization\",\"@id\":\"https:\/\/tekno.bali-island.com\/es\/#organization\",\"name\":\"Bali Island Tekno\",\"url\":\"https:\/\/tekno.bali-island.com\/es\/\",\"logo\":{\"@type\":\"ImageObject\",\"inLanguage\":\"es\",\"@id\":\"https:\/\/tekno.bali-island.com\/es\/#\/schema\/logo\/image\/\",\"url\":\"https:\/\/tekno.bali-island.com\/wp-content\/uploads\/2026\/04\/Logo-Tekno-Bali-Island.webp\",\"contentUrl\":\"https:\/\/tekno.bali-island.com\/wp-content\/uploads\/2026\/04\/Logo-Tekno-Bali-Island.webp\",\"width\":512,\"height\":512,\"caption\":\"Bali Island Tekno\"},\"image\":{\"@id\":\"https:\/\/tekno.bali-island.com\/es\/#\/schema\/logo\/image\/\"},\"sameAs\":[\"https:\/\/www.facebook.com\/people\/Wilanpedia\/61575048527927\/\"]}]}<\/script>\n<!-- \/ Yoast SEO plugin. -->","yoast_head_json":{"title":"Sobre nosotros","description":"Acerca de Bali Island Tekno : Informaci\u00f3n informativa y educativa sobre gadgets, ordenadores, aplicaciones, consejos y trucos.","robots":{"index":"index","follow":"follow","max-snippet":"max-snippet:-1","max-image-preview":"max-image-preview:large","max-video-preview":"max-video-preview:-1"},"canonical":"https:\/\/tekno.bali-island.com\/es\/sobre-nosotros\/","og_locale":"es_ES","og_type":"article","og_title":"Sobre nosotros","og_description":"Acerca de Bali Island Tekno : Informaci\u00f3n informativa y educativa sobre gadgets, ordenadores, aplicaciones, consejos y trucos.","og_url":"https:\/\/tekno.bali-island.com\/es\/sobre-nosotros\/","og_site_name":"Bali Island Tekno","article_publisher":"https:\/\/www.facebook.com\/people\/Wilanpedia\/61575048527927\/","article_modified_time":"2026-04-07T06:28:25+00:00","og_image":[{"width":512,"height":512,"url":"https:\/\/tekno.bali-island.com\/wp-content\/uploads\/2026\/04\/Logo-Tekno-Bali-Island.webp","type":"image\/webp"}],"twitter_card":"summary_large_image","twitter_misc":{"Tiempo de lectura":"1 minuto"},"schema":{"@context":"https:\/\/schema.org","@graph":[{"@type":"WebPage","@id":"https:\/\/tekno.bali-island.com\/es\/sobre-nosotros\/","url":"https:\/\/tekno.bali-island.com\/es\/sobre-nosotros\/","name":"Sobre nosotros","isPartOf":{"@id":"https:\/\/tekno.bali-island.com\/es\/#website"},"datePublished":"2026-02-12T17:45:04+00:00","dateModified":"2026-04-07T06:28:25+00:00","description":"Acerca de Bali Island Tekno : Informaci\u00f3n informativa y educativa sobre gadgets, ordenadores, aplicaciones, consejos y trucos.","breadcrumb":{"@id":"https:\/\/tekno.bali-island.com\/es\/sobre-nosotros\/#breadcrumb"},"inLanguage":"es","potentialAction":[{"@type":"ReadAction","target":["https:\/\/tekno.bali-island.com\/es\/sobre-nosotros\/"]}]},{"@type":"BreadcrumbList","@id":"https:\/\/tekno.bali-island.com\/es\/sobre-nosotros\/#breadcrumb","itemListElement":[{"@type":"ListItem","position":1,"name":"Home","item":"https:\/\/tekno.bali-island.com\/es\/"},{"@type":"ListItem","position":2,"name":"Sobre nosotros"}]},{"@type":"WebSite","@id":"https:\/\/tekno.bali-island.com\/es\/#website","url":"https:\/\/tekno.bali-island.com\/es\/","name":"Bali Island Tekno","description":"","publisher":{"@id":"https:\/\/tekno.bali-island.com\/es\/#organization"},"potentialAction":[{"@type":"SearchAction","target":{"@type":"EntryPoint","urlTemplate":"https:\/\/tekno.bali-island.com\/es\/?s={search_term_string}"},"query-input":{"@type":"PropertyValueSpecification","valueRequired":true,"valueName":"search_term_string"}}],"inLanguage":"es"},{"@type":"Organization","@id":"https:\/\/tekno.bali-island.com\/es\/#organization","name":"Bali Island Tekno","url":"https:\/\/tekno.bali-island.com\/es\/","logo":{"@type":"ImageObject","inLanguage":"es","@id":"https:\/\/tekno.bali-island.com\/es\/#\/schema\/logo\/image\/","url":"https:\/\/tekno.bali-island.com\/wp-content\/uploads\/2026\/04\/Logo-Tekno-Bali-Island.webp","contentUrl":"https:\/\/tekno.bali-island.com\/wp-content\/uploads\/2026\/04\/Logo-Tekno-Bali-Island.webp","width":512,"height":512,"caption":"Bali Island Tekno"},"image":{"@id":"https:\/\/tekno.bali-island.com\/es\/#\/schema\/logo\/image\/"},"sameAs":["https:\/\/www.facebook.com\/people\/Wilanpedia\/61575048527927\/"]}]}},"_links":{"self":[{"href":"https:\/\/tekno.bali-island.com\/es\/wp-json\/wp\/v2\/pages\/1660","targetHints":{"allow":["GET"]}}],"collection":[{"href":"https:\/\/tekno.bali-island.com\/es\/wp-json\/wp\/v2\/pages"}],"about":[{"href":"https:\/\/tekno.bali-island.com\/es\/wp-json\/wp\/v2\/types\/page"}],"author":[{"embeddable":true,"href":"https:\/\/tekno.bali-island.com\/es\/wp-json\/wp\/v2\/users\/1"}],"replies":[{"embeddable":true,"href":"https:\/\/tekno.bali-island.com\/es\/wp-json\/wp\/v2\/comments?post=1660"}],"version-history":[{"count":3,"href":"https:\/\/tekno.bali-island.com\/es\/wp-json\/wp\/v2\/pages\/1660\/revisions"}],"predecessor-version":[{"id":2545,"href":"https:\/\/tekno.bali-island.com\/es\/wp-json\/wp\/v2\/pages\/1660\/revisions\/2545"}],"wp:attachment":[{"href":"https:\/\/tekno.bali-island.com\/es\/wp-json\/wp\/v2\/media?parent=1660"}],"curies":[{"name":"wp","href":"https:\/\/api.w.org\/{rel}","templated":true}]}}