{"id":1491,"date":"2026-02-13T01:45:18","date_gmt":"2026-02-13T01:45:18","guid":{"rendered":"https:\/\/tekno.bali-island.com\/?page_id=1491"},"modified":"2026-02-16T03:39:54","modified_gmt":"2026-02-16T03:39:54","slug":"politique-de-confidentialite","status":"publish","type":"page","link":"https:\/\/tekno.bali-island.com\/fr\/politique-de-confidentialite\/","title":{"rendered":"Politique de Confidentialit\u00e9"},"content":{"rendered":"<div id=\"model-response-message-contentr_f4ddaf7f8e6563ae\" class=\"markdown markdown-main-panel stronger enable-updated-hr-color preserve-whitespaces-in-response\" dir=\"ltr\" aria-live=\"polite\" aria-busy=\"false\">\n<p data-path-to-node=\"2\">Cette page de Politique de Confidentialit\u00e9 explique comment tekno.bali-island.com obtient, utilise, stocke et assure la s\u00e9curit\u00e9 des donn\u00e9es personnelles des utilisateurs.<\/p>\n<h2 data-path-to-node=\"2\">1. Donn\u00e9es Collect\u00e9es<\/h2>\n<\/div>\n<div class=\"markdown markdown-main-panel stronger enable-updated-hr-color preserve-whitespaces-in-response\" dir=\"ltr\" aria-live=\"polite\" aria-busy=\"false\">\n<p>Nous pouvons collecter plusieurs types d&rsquo;informations, notamment :<\/p>\n<ul data-path-to-node=\"4\">\n<li>\n<p data-path-to-node=\"4,0,0\"><b data-path-to-node=\"4,0,0\" data-index-in-node=\"0\">Donn\u00e9es non personnelles<\/b>, telles que l&rsquo;adresse IP, le type de navigateur, le type d&rsquo;appareil utilis\u00e9, les donn\u00e9es analytiques, ainsi que l&rsquo;activit\u00e9 lors de l&rsquo;acc\u00e8s au site.<\/p>\n<\/li>\n<li>\n<p data-path-to-node=\"4,1,0\"><b data-path-to-node=\"4,1,0\" data-index-in-node=\"0\">Donn\u00e9es personnelles<\/b>, telles que le nom, l&rsquo;adresse e-mail ou d&rsquo;autres informations fournies volontairement lorsque les utilisateurs remplissent l&rsquo;espace commentaire ou s&rsquo;inscrivent \u00e0 la newsletter.<\/p>\n<\/li>\n<\/ul>\n<h2 data-path-to-node=\"5\">2. Objectifs de l&rsquo;Utilisation des Donn\u00e9es<\/h2>\n<p data-path-to-node=\"5\">Les informations collect\u00e9es sont utilis\u00e9es pour :<\/p>\n<ul data-path-to-node=\"6\">\n<li>\n<p data-path-to-node=\"6,0,0\">Am\u00e9liorer la qualit\u00e9 du contenu et le confort de l&rsquo;utilisateur lors de l&rsquo;acc\u00e8s au site.<\/p>\n<\/li>\n<li>\n<p data-path-to-node=\"6,1,0\">Envoyer les derni\u00e8res informations, des mises \u00e0 jour de contenu ou des newsletters.<\/p>\n<\/li>\n<li>\n<p data-path-to-node=\"6,2,0\">Effectuer des analyses statistiques comme base de d\u00e9veloppement de la plateforme.<\/p>\n<\/li>\n<li>\n<p data-path-to-node=\"6,3,0\">Faciliter la communication avec les utilisateurs.<\/p>\n<\/li>\n<\/ul>\n<h2 data-path-to-node=\"7\">3. Utilisation des Cookies<\/h2>\n<p data-path-to-node=\"7\">tekno.bali-island.com utilise des cookies et des technologies de suivi de tiers, y compris des services tels que Google Analytics, afin d&rsquo;am\u00e9liorer l&rsquo;exp\u00e9rience utilisateur.<\/p>\n<p data-path-to-node=\"7\">Les utilisateurs ont la possibilit\u00e9 de d\u00e9sactiver les cookies via les param\u00e8tres de leur navigateur respectif.<\/p>\n<h2 data-path-to-node=\"8\">4. Protection des Informations<\/h2>\n<p data-path-to-node=\"8\">Nous nous effor\u00e7ons de mettre en \u0153uvre des syst\u00e8mes et des proc\u00e9dures de s\u00e9curit\u00e9 raisonnables pour prot\u00e9ger les donn\u00e9es contre tout acc\u00e8s non autoris\u00e9, toute modification non autoris\u00e9e ou tout usage abusif.<\/p>\n<h2 data-path-to-node=\"9\">5. Liens Externes<\/h2>\n<p data-path-to-node=\"9\">Ce site web peut contenir des liens vers d&rsquo;autres sites. Nous n&rsquo;avons aucun contr\u00f4le sur les politiques de confidentialit\u00e9 ou le contenu de ces sites externes et, par cons\u00e9quent, nous ne sommes pas responsables des pratiques qu&rsquo;ils appliquent.<\/p>\n<h2 data-path-to-node=\"10\">6. Consentement de l&rsquo;Utilisateur<\/h2>\n<p data-path-to-node=\"10\">En utilisant et en acc\u00e9dant \u00e0 tekno.bali-island.com, l&rsquo;utilisateur est r\u00e9put\u00e9 avoir compris et accept\u00e9 le contenu de cette Politique de Confidentialit\u00e9.<\/p>\n<h2 data-path-to-node=\"11\">7. Mises \u00e0 jour de la Politique<\/h2>\n<p data-path-to-node=\"11\">Cette politique peut \u00eatre mise \u00e0 jour \u00e0 tout moment selon les besoins. Tout changement sera communiqu\u00e9 via cette page.<\/p>\n<\/div>\n","protected":false},"excerpt":{"rendered":"<p>Cette page de Politique de Confidentialit\u00e9 explique comment tekno.bali-island.com obtient, utilise, stocke et assure la s\u00e9curit\u00e9 des donn\u00e9es personnelles des utilisateurs. 1. Donn\u00e9es Collect\u00e9es Nous pouvons collecter plusieurs types d&rsquo;informations, notamment : Donn\u00e9es non personnelles, telles que l&rsquo;adresse IP, le type de navigateur, le type d&rsquo;appareil utilis\u00e9, les donn\u00e9es analytiques, ainsi que l&rsquo;activit\u00e9 lors de l&rsquo;acc\u00e8s au site. Donn\u00e9es personnelles, telles que le nom, l&rsquo;adresse e-mail ou d&rsquo;autres informations fournies volontairement lorsque les utilisateurs remplissent l&rsquo;espace commentaire ou s&rsquo;inscrivent \u00e0 la newsletter. 2. Objectifs de l&rsquo;Utilisation des Donn\u00e9es Les informations collect\u00e9es sont utilis\u00e9es pour : Am\u00e9liorer la qualit\u00e9 du contenu et le confort de l&rsquo;utilisateur lors de l&rsquo;acc\u00e8s au site. Envoyer les derni\u00e8res informations, des mises \u00e0 jour de contenu ou des newsletters. Effectuer des analyses statistiques comme base de d\u00e9veloppement de la plateforme. Faciliter la communication avec les utilisateurs. 3. Utilisation des Cookies tekno.bali-island.com utilise des cookies et des technologies de suivi de tiers, y compris des services tels que Google Analytics, afin d&rsquo;am\u00e9liorer l&rsquo;exp\u00e9rience utilisateur. Les utilisateurs ont la possibilit\u00e9 de d\u00e9sactiver les cookies via les param\u00e8tres de leur navigateur respectif. 4. Protection des Informations Nous nous effor\u00e7ons de mettre en \u0153uvre des syst\u00e8mes et des proc\u00e9dures de &hellip;<\/p>\n","protected":false},"author":1,"featured_media":0,"parent":0,"menu_order":0,"comment_status":"closed","ping_status":"closed","template":"elementor_theme","meta":{"_acf_changed":false,"footnotes":""},"class_list":["post-1491","page","type-page","status-publish","hentry"],"acf":[],"yoast_head":"<!-- This site is optimized with the Yoast SEO plugin v26.7 - https:\/\/yoast.com\/wordpress\/plugins\/seo\/ -->\n<title>Politique de Confidentialit\u00e9<\/title>\n<meta name=\"description\" content=\"Informations compl\u00e8tes sur la collecte de donn\u00e9es, l&#039;utilisation des cookies, la protection des informations et les droits des utilisateurs sur tekno.bali-island.com.\" \/>\n<meta name=\"robots\" content=\"index, follow, max-snippet:-1, max-image-preview:large, max-video-preview:-1\" \/>\n<link rel=\"canonical\" href=\"https:\/\/tekno.bali-island.com\/fr\/politique-de-confidentialite\/\" \/>\n<meta property=\"og:locale\" content=\"fr_FR\" \/>\n<meta property=\"og:type\" content=\"article\" \/>\n<meta property=\"og:title\" content=\"Politique de Confidentialit\u00e9\" \/>\n<meta property=\"og:description\" content=\"Informations compl\u00e8tes sur la collecte de donn\u00e9es, l&#039;utilisation des cookies, la protection des informations et les droits des utilisateurs sur tekno.bali-island.com.\" \/>\n<meta property=\"og:url\" content=\"https:\/\/tekno.bali-island.com\/fr\/politique-de-confidentialite\/\" \/>\n<meta property=\"og:site_name\" content=\"Wilanpedia\" \/>\n<meta property=\"article:publisher\" content=\"https:\/\/www.facebook.com\/people\/Wilanpedia\/61575048527927\/\" \/>\n<meta property=\"article:modified_time\" content=\"2026-02-16T03:39:54+00:00\" \/>\n<meta property=\"og:image\" content=\"https:\/\/tekno.bali-island.com\/wp-content\/uploads\/2026\/04\/Logo-Tekno-Bali-Island.webp\" \/>\n\t<meta property=\"og:image:width\" content=\"512\" \/>\n\t<meta property=\"og:image:height\" content=\"512\" \/>\n\t<meta property=\"og:image:type\" content=\"image\/webp\" \/>\n<meta name=\"twitter:card\" content=\"summary_large_image\" \/>\n<meta name=\"twitter:label1\" content=\"Dur\u00e9e de lecture estim\u00e9e\" \/>\n\t<meta name=\"twitter:data1\" content=\"2 minutes\" \/>\n<script type=\"application\/ld+json\" class=\"yoast-schema-graph\">{\"@context\":\"https:\/\/schema.org\",\"@graph\":[{\"@type\":\"WebPage\",\"@id\":\"https:\/\/tekno.bali-island.com\/fr\/politique-de-confidentialite\/\",\"url\":\"https:\/\/tekno.bali-island.com\/fr\/politique-de-confidentialite\/\",\"name\":\"Politique de Confidentialit\u00e9\",\"isPartOf\":{\"@id\":\"https:\/\/tekno.bali-island.com\/fr\/#website\"},\"datePublished\":\"2026-02-13T01:45:18+00:00\",\"dateModified\":\"2026-02-16T03:39:54+00:00\",\"description\":\"Informations compl\u00e8tes sur la collecte de donn\u00e9es, l'utilisation des cookies, la protection des informations et les droits des utilisateurs sur tekno.bali-island.com.\",\"breadcrumb\":{\"@id\":\"https:\/\/tekno.bali-island.com\/fr\/politique-de-confidentialite\/#breadcrumb\"},\"inLanguage\":\"fr-FR\",\"potentialAction\":[{\"@type\":\"ReadAction\",\"target\":[\"https:\/\/tekno.bali-island.com\/fr\/politique-de-confidentialite\/\"]}]},{\"@type\":\"BreadcrumbList\",\"@id\":\"https:\/\/tekno.bali-island.com\/fr\/politique-de-confidentialite\/#breadcrumb\",\"itemListElement\":[{\"@type\":\"ListItem\",\"position\":1,\"name\":\"Home\",\"item\":\"https:\/\/tekno.bali-island.com\/fr\/\"},{\"@type\":\"ListItem\",\"position\":2,\"name\":\"Politique de Confidentialit\u00e9\"}]},{\"@type\":\"WebSite\",\"@id\":\"https:\/\/tekno.bali-island.com\/fr\/#website\",\"url\":\"https:\/\/tekno.bali-island.com\/fr\/\",\"name\":\"Bali Island Tekno\",\"description\":\"\",\"publisher\":{\"@id\":\"https:\/\/tekno.bali-island.com\/fr\/#organization\"},\"potentialAction\":[{\"@type\":\"SearchAction\",\"target\":{\"@type\":\"EntryPoint\",\"urlTemplate\":\"https:\/\/tekno.bali-island.com\/fr\/?s={search_term_string}\"},\"query-input\":{\"@type\":\"PropertyValueSpecification\",\"valueRequired\":true,\"valueName\":\"search_term_string\"}}],\"inLanguage\":\"fr-FR\"},{\"@type\":\"Organization\",\"@id\":\"https:\/\/tekno.bali-island.com\/fr\/#organization\",\"name\":\"Bali Island Tekno\",\"url\":\"https:\/\/tekno.bali-island.com\/fr\/\",\"logo\":{\"@type\":\"ImageObject\",\"inLanguage\":\"fr-FR\",\"@id\":\"https:\/\/tekno.bali-island.com\/fr\/#\/schema\/logo\/image\/\",\"url\":\"https:\/\/tekno.bali-island.com\/wp-content\/uploads\/2026\/04\/Logo-Tekno-Bali-Island.webp\",\"contentUrl\":\"https:\/\/tekno.bali-island.com\/wp-content\/uploads\/2026\/04\/Logo-Tekno-Bali-Island.webp\",\"width\":512,\"height\":512,\"caption\":\"Bali Island Tekno\"},\"image\":{\"@id\":\"https:\/\/tekno.bali-island.com\/fr\/#\/schema\/logo\/image\/\"},\"sameAs\":[\"https:\/\/www.facebook.com\/people\/Wilanpedia\/61575048527927\/\"]}]}<\/script>\n<!-- \/ Yoast SEO plugin. -->","yoast_head_json":{"title":"Politique de Confidentialit\u00e9","description":"Informations compl\u00e8tes sur la collecte de donn\u00e9es, l'utilisation des cookies, la protection des informations et les droits des utilisateurs sur tekno.bali-island.com.","robots":{"index":"index","follow":"follow","max-snippet":"max-snippet:-1","max-image-preview":"max-image-preview:large","max-video-preview":"max-video-preview:-1"},"canonical":"https:\/\/tekno.bali-island.com\/fr\/politique-de-confidentialite\/","og_locale":"fr_FR","og_type":"article","og_title":"Politique de Confidentialit\u00e9","og_description":"Informations compl\u00e8tes sur la collecte de donn\u00e9es, l'utilisation des cookies, la protection des informations et les droits des utilisateurs sur tekno.bali-island.com.","og_url":"https:\/\/tekno.bali-island.com\/fr\/politique-de-confidentialite\/","og_site_name":"Wilanpedia","article_publisher":"https:\/\/www.facebook.com\/people\/Wilanpedia\/61575048527927\/","article_modified_time":"2026-02-16T03:39:54+00:00","og_image":[{"width":512,"height":512,"url":"https:\/\/tekno.bali-island.com\/wp-content\/uploads\/2026\/04\/Logo-Tekno-Bali-Island.webp","type":"image\/webp"}],"twitter_card":"summary_large_image","twitter_misc":{"Dur\u00e9e de lecture estim\u00e9e":"2 minutes"},"schema":{"@context":"https:\/\/schema.org","@graph":[{"@type":"WebPage","@id":"https:\/\/tekno.bali-island.com\/fr\/politique-de-confidentialite\/","url":"https:\/\/tekno.bali-island.com\/fr\/politique-de-confidentialite\/","name":"Politique de Confidentialit\u00e9","isPartOf":{"@id":"https:\/\/tekno.bali-island.com\/fr\/#website"},"datePublished":"2026-02-13T01:45:18+00:00","dateModified":"2026-02-16T03:39:54+00:00","description":"Informations compl\u00e8tes sur la collecte de donn\u00e9es, l'utilisation des cookies, la protection des informations et les droits des utilisateurs sur tekno.bali-island.com.","breadcrumb":{"@id":"https:\/\/tekno.bali-island.com\/fr\/politique-de-confidentialite\/#breadcrumb"},"inLanguage":"fr-FR","potentialAction":[{"@type":"ReadAction","target":["https:\/\/tekno.bali-island.com\/fr\/politique-de-confidentialite\/"]}]},{"@type":"BreadcrumbList","@id":"https:\/\/tekno.bali-island.com\/fr\/politique-de-confidentialite\/#breadcrumb","itemListElement":[{"@type":"ListItem","position":1,"name":"Home","item":"https:\/\/tekno.bali-island.com\/fr\/"},{"@type":"ListItem","position":2,"name":"Politique de Confidentialit\u00e9"}]},{"@type":"WebSite","@id":"https:\/\/tekno.bali-island.com\/fr\/#website","url":"https:\/\/tekno.bali-island.com\/fr\/","name":"Bali Island Tekno","description":"","publisher":{"@id":"https:\/\/tekno.bali-island.com\/fr\/#organization"},"potentialAction":[{"@type":"SearchAction","target":{"@type":"EntryPoint","urlTemplate":"https:\/\/tekno.bali-island.com\/fr\/?s={search_term_string}"},"query-input":{"@type":"PropertyValueSpecification","valueRequired":true,"valueName":"search_term_string"}}],"inLanguage":"fr-FR"},{"@type":"Organization","@id":"https:\/\/tekno.bali-island.com\/fr\/#organization","name":"Bali Island Tekno","url":"https:\/\/tekno.bali-island.com\/fr\/","logo":{"@type":"ImageObject","inLanguage":"fr-FR","@id":"https:\/\/tekno.bali-island.com\/fr\/#\/schema\/logo\/image\/","url":"https:\/\/tekno.bali-island.com\/wp-content\/uploads\/2026\/04\/Logo-Tekno-Bali-Island.webp","contentUrl":"https:\/\/tekno.bali-island.com\/wp-content\/uploads\/2026\/04\/Logo-Tekno-Bali-Island.webp","width":512,"height":512,"caption":"Bali Island Tekno"},"image":{"@id":"https:\/\/tekno.bali-island.com\/fr\/#\/schema\/logo\/image\/"},"sameAs":["https:\/\/www.facebook.com\/people\/Wilanpedia\/61575048527927\/"]}]}},"_links":{"self":[{"href":"https:\/\/tekno.bali-island.com\/fr\/wp-json\/wp\/v2\/pages\/1491","targetHints":{"allow":["GET"]}}],"collection":[{"href":"https:\/\/tekno.bali-island.com\/fr\/wp-json\/wp\/v2\/pages"}],"about":[{"href":"https:\/\/tekno.bali-island.com\/fr\/wp-json\/wp\/v2\/types\/page"}],"author":[{"embeddable":true,"href":"https:\/\/tekno.bali-island.com\/fr\/wp-json\/wp\/v2\/users\/1"}],"replies":[{"embeddable":true,"href":"https:\/\/tekno.bali-island.com\/fr\/wp-json\/wp\/v2\/comments?post=1491"}],"version-history":[{"count":3,"href":"https:\/\/tekno.bali-island.com\/fr\/wp-json\/wp\/v2\/pages\/1491\/revisions"}],"predecessor-version":[{"id":1494,"href":"https:\/\/tekno.bali-island.com\/fr\/wp-json\/wp\/v2\/pages\/1491\/revisions\/1494"}],"wp:attachment":[{"href":"https:\/\/tekno.bali-island.com\/fr\/wp-json\/wp\/v2\/media?parent=1491"}],"curies":[{"name":"wp","href":"https:\/\/api.w.org\/{rel}","templated":true}]}}