{"id":1654,"date":"2026-02-13T01:45:04","date_gmt":"2026-02-12T17:45:04","guid":{"rendered":"https:\/\/www.tekno.bali-island.com\/?page_id=1654"},"modified":"2026-04-07T14:23:14","modified_gmt":"2026-04-07T06:23:14","slug":"a-propos-de-nous","status":"publish","type":"page","link":"https:\/\/tekno.bali-island.com\/fr\/a-propos-de-nous\/","title":{"rendered":"\u00c0 propos de nous"},"content":{"rendered":"\n<p><br><a href=\"https:\/\/tekno.bali-island.com\/fr\/\"><strong>tekno.bali-island.com<\/strong><\/a> est une plateforme m\u00e9dia num\u00e9rique d\u00e9di\u00e9e \u00e0 fournir des informations technologiques pertinentes, pratiques et ax\u00e9es sur les solutions. Nous nous engageons \u00e0 \u00eatre un guide technologique de confiance pour les lecteurs indon\u00e9siens, en privil\u00e9giant l&rsquo;exactitude des informations, la clart\u00e9 de la compr\u00e9hension et l&rsquo;objectivit\u00e9 des \u00e9valuations.<\/p>\n\n\n\n<p>Fond\u00e9 sur la passion de simplifier la complexit\u00e9 du monde num\u00e9rique, <a href=\"https:\/\/tekno.bali-island.com\/fr\/\"><strong>tekno.bali-island.com<\/strong><\/a> propose une vari\u00e9t\u00e9 d&rsquo;articles approfondis, allant des derniers gadgets et guides informatiques aux recommandations d&rsquo;applications productives, en passant par des conseils et astuces pratiques pour vous faciliter le quotidien.<\/p>\n\n\n\n<p>Nous pensons que la technologie doit simplifier les choses, et non les compliquer. C&rsquo;est pourquoi Wilanpedia est l\u00e0 non seulement pour transmettre des sp\u00e9cifications techniques, mais aussi pour offrir des perspectives, des solutions et de l&rsquo;inspiration afin que vous puissiez exploiter pleinement le potentiel des technologies que vous utilisez.<\/p>\n\n\n\n<h2 class=\"wp-block-heading\">Contact<\/h2>\n\n\n\n<p>Courriel&nbsp;: info@bali-island.com<\/p>\n","protected":false},"excerpt":{"rendered":"<p>tekno.bali-island.com est une plateforme m\u00e9dia num\u00e9rique d\u00e9di\u00e9e \u00e0 fournir des informations technologiques pertinentes, pratiques et ax\u00e9es sur les solutions. Nous nous engageons \u00e0 \u00eatre un guide technologique de confiance pour les lecteurs indon\u00e9siens, en privil\u00e9giant l&rsquo;exactitude des informations, la clart\u00e9 de la compr\u00e9hension et l&rsquo;objectivit\u00e9 des \u00e9valuations. Fond\u00e9 sur la passion de simplifier la complexit\u00e9 du monde num\u00e9rique, tekno.bali-island.com propose une vari\u00e9t\u00e9 d&rsquo;articles approfondis, allant des derniers gadgets et guides informatiques aux recommandations d&rsquo;applications productives, en passant par des conseils et astuces pratiques pour vous faciliter le quotidien. Nous pensons que la technologie doit simplifier les choses, et non les compliquer. C&rsquo;est pourquoi Wilanpedia est l\u00e0 non seulement pour transmettre des sp\u00e9cifications techniques, mais aussi pour offrir des perspectives, des solutions et de l&rsquo;inspiration afin que vous puissiez exploiter pleinement le potentiel des technologies que vous utilisez. Contact Courriel&nbsp;: info@bali-island.com<\/p>\n","protected":false},"author":1,"featured_media":0,"parent":0,"menu_order":0,"comment_status":"closed","ping_status":"closed","template":"","meta":{"_acf_changed":false,"footnotes":""},"class_list":["post-1654","page","type-page","status-publish","hentry"],"acf":[],"yoast_head":"<!-- This site is optimized with the Yoast SEO plugin v26.7 - https:\/\/yoast.com\/wordpress\/plugins\/seo\/ -->\n<title>\u00c0 propos de nous<\/title>\n<meta name=\"description\" content=\"\u00c0 propos de Bali Island Tekno\u00a0: Fournir des informations et des conseils sur les gadgets, les ordinateurs, les applications et des astuces.\" \/>\n<meta name=\"robots\" content=\"index, follow, max-snippet:-1, max-image-preview:large, max-video-preview:-1\" \/>\n<link rel=\"canonical\" href=\"https:\/\/tekno.bali-island.com\/fr\/a-propos-de-nous\/\" \/>\n<meta property=\"og:locale\" content=\"fr_FR\" \/>\n<meta property=\"og:type\" content=\"article\" \/>\n<meta property=\"og:title\" content=\"\u00c0 propos de nous\" \/>\n<meta property=\"og:description\" content=\"\u00c0 propos de Bali Island Tekno\u00a0: Fournir des informations et des conseils sur les gadgets, les ordinateurs, les applications et des astuces.\" \/>\n<meta property=\"og:url\" content=\"https:\/\/tekno.bali-island.com\/fr\/a-propos-de-nous\/\" \/>\n<meta property=\"og:site_name\" content=\"Wilanpedia\" \/>\n<meta property=\"article:publisher\" content=\"https:\/\/www.facebook.com\/people\/Wilanpedia\/61575048527927\/\" \/>\n<meta property=\"article:modified_time\" content=\"2026-04-07T06:23:14+00:00\" \/>\n<meta property=\"og:image\" content=\"https:\/\/tekno.bali-island.com\/wp-content\/uploads\/2026\/04\/Logo-Tekno-Bali-Island.webp\" \/>\n\t<meta property=\"og:image:width\" content=\"512\" \/>\n\t<meta property=\"og:image:height\" content=\"512\" \/>\n\t<meta property=\"og:image:type\" content=\"image\/webp\" \/>\n<meta name=\"twitter:card\" content=\"summary_large_image\" \/>\n<meta name=\"twitter:label1\" content=\"Dur\u00e9e de lecture estim\u00e9e\" \/>\n\t<meta name=\"twitter:data1\" content=\"1 minute\" \/>\n<script type=\"application\/ld+json\" class=\"yoast-schema-graph\">{\"@context\":\"https:\/\/schema.org\",\"@graph\":[{\"@type\":\"WebPage\",\"@id\":\"https:\/\/tekno.bali-island.com\/fr\/a-propos-de-nous\/\",\"url\":\"https:\/\/tekno.bali-island.com\/fr\/a-propos-de-nous\/\",\"name\":\"\u00c0 propos de nous\",\"isPartOf\":{\"@id\":\"https:\/\/tekno.bali-island.com\/fr\/#website\"},\"datePublished\":\"2026-02-12T17:45:04+00:00\",\"dateModified\":\"2026-04-07T06:23:14+00:00\",\"description\":\"\u00c0 propos de Bali Island Tekno\u00a0: Fournir des informations et des conseils sur les gadgets, les ordinateurs, les applications et des astuces.\",\"breadcrumb\":{\"@id\":\"https:\/\/tekno.bali-island.com\/fr\/a-propos-de-nous\/#breadcrumb\"},\"inLanguage\":\"fr-FR\",\"potentialAction\":[{\"@type\":\"ReadAction\",\"target\":[\"https:\/\/tekno.bali-island.com\/fr\/a-propos-de-nous\/\"]}]},{\"@type\":\"BreadcrumbList\",\"@id\":\"https:\/\/tekno.bali-island.com\/fr\/a-propos-de-nous\/#breadcrumb\",\"itemListElement\":[{\"@type\":\"ListItem\",\"position\":1,\"name\":\"Home\",\"item\":\"https:\/\/tekno.bali-island.com\/fr\/\"},{\"@type\":\"ListItem\",\"position\":2,\"name\":\"\u00c0 propos de nous\"}]},{\"@type\":\"WebSite\",\"@id\":\"https:\/\/tekno.bali-island.com\/fr\/#website\",\"url\":\"https:\/\/tekno.bali-island.com\/fr\/\",\"name\":\"Bali Island Tekno\",\"description\":\"\",\"publisher\":{\"@id\":\"https:\/\/tekno.bali-island.com\/fr\/#organization\"},\"potentialAction\":[{\"@type\":\"SearchAction\",\"target\":{\"@type\":\"EntryPoint\",\"urlTemplate\":\"https:\/\/tekno.bali-island.com\/fr\/?s={search_term_string}\"},\"query-input\":{\"@type\":\"PropertyValueSpecification\",\"valueRequired\":true,\"valueName\":\"search_term_string\"}}],\"inLanguage\":\"fr-FR\"},{\"@type\":\"Organization\",\"@id\":\"https:\/\/tekno.bali-island.com\/fr\/#organization\",\"name\":\"Bali Island Tekno\",\"url\":\"https:\/\/tekno.bali-island.com\/fr\/\",\"logo\":{\"@type\":\"ImageObject\",\"inLanguage\":\"fr-FR\",\"@id\":\"https:\/\/tekno.bali-island.com\/fr\/#\/schema\/logo\/image\/\",\"url\":\"https:\/\/tekno.bali-island.com\/wp-content\/uploads\/2026\/04\/Logo-Tekno-Bali-Island.webp\",\"contentUrl\":\"https:\/\/tekno.bali-island.com\/wp-content\/uploads\/2026\/04\/Logo-Tekno-Bali-Island.webp\",\"width\":512,\"height\":512,\"caption\":\"Bali Island Tekno\"},\"image\":{\"@id\":\"https:\/\/tekno.bali-island.com\/fr\/#\/schema\/logo\/image\/\"},\"sameAs\":[\"https:\/\/www.facebook.com\/people\/Wilanpedia\/61575048527927\/\"]}]}<\/script>\n<!-- \/ Yoast SEO plugin. -->","yoast_head_json":{"title":"\u00c0 propos de nous","description":"\u00c0 propos de Bali Island Tekno\u00a0: Fournir des informations et des conseils sur les gadgets, les ordinateurs, les applications et des astuces.","robots":{"index":"index","follow":"follow","max-snippet":"max-snippet:-1","max-image-preview":"max-image-preview:large","max-video-preview":"max-video-preview:-1"},"canonical":"https:\/\/tekno.bali-island.com\/fr\/a-propos-de-nous\/","og_locale":"fr_FR","og_type":"article","og_title":"\u00c0 propos de nous","og_description":"\u00c0 propos de Bali Island Tekno\u00a0: Fournir des informations et des conseils sur les gadgets, les ordinateurs, les applications et des astuces.","og_url":"https:\/\/tekno.bali-island.com\/fr\/a-propos-de-nous\/","og_site_name":"Wilanpedia","article_publisher":"https:\/\/www.facebook.com\/people\/Wilanpedia\/61575048527927\/","article_modified_time":"2026-04-07T06:23:14+00:00","og_image":[{"width":512,"height":512,"url":"https:\/\/tekno.bali-island.com\/wp-content\/uploads\/2026\/04\/Logo-Tekno-Bali-Island.webp","type":"image\/webp"}],"twitter_card":"summary_large_image","twitter_misc":{"Dur\u00e9e de lecture estim\u00e9e":"1 minute"},"schema":{"@context":"https:\/\/schema.org","@graph":[{"@type":"WebPage","@id":"https:\/\/tekno.bali-island.com\/fr\/a-propos-de-nous\/","url":"https:\/\/tekno.bali-island.com\/fr\/a-propos-de-nous\/","name":"\u00c0 propos de nous","isPartOf":{"@id":"https:\/\/tekno.bali-island.com\/fr\/#website"},"datePublished":"2026-02-12T17:45:04+00:00","dateModified":"2026-04-07T06:23:14+00:00","description":"\u00c0 propos de Bali Island Tekno\u00a0: Fournir des informations et des conseils sur les gadgets, les ordinateurs, les applications et des astuces.","breadcrumb":{"@id":"https:\/\/tekno.bali-island.com\/fr\/a-propos-de-nous\/#breadcrumb"},"inLanguage":"fr-FR","potentialAction":[{"@type":"ReadAction","target":["https:\/\/tekno.bali-island.com\/fr\/a-propos-de-nous\/"]}]},{"@type":"BreadcrumbList","@id":"https:\/\/tekno.bali-island.com\/fr\/a-propos-de-nous\/#breadcrumb","itemListElement":[{"@type":"ListItem","position":1,"name":"Home","item":"https:\/\/tekno.bali-island.com\/fr\/"},{"@type":"ListItem","position":2,"name":"\u00c0 propos de nous"}]},{"@type":"WebSite","@id":"https:\/\/tekno.bali-island.com\/fr\/#website","url":"https:\/\/tekno.bali-island.com\/fr\/","name":"Bali Island Tekno","description":"","publisher":{"@id":"https:\/\/tekno.bali-island.com\/fr\/#organization"},"potentialAction":[{"@type":"SearchAction","target":{"@type":"EntryPoint","urlTemplate":"https:\/\/tekno.bali-island.com\/fr\/?s={search_term_string}"},"query-input":{"@type":"PropertyValueSpecification","valueRequired":true,"valueName":"search_term_string"}}],"inLanguage":"fr-FR"},{"@type":"Organization","@id":"https:\/\/tekno.bali-island.com\/fr\/#organization","name":"Bali Island Tekno","url":"https:\/\/tekno.bali-island.com\/fr\/","logo":{"@type":"ImageObject","inLanguage":"fr-FR","@id":"https:\/\/tekno.bali-island.com\/fr\/#\/schema\/logo\/image\/","url":"https:\/\/tekno.bali-island.com\/wp-content\/uploads\/2026\/04\/Logo-Tekno-Bali-Island.webp","contentUrl":"https:\/\/tekno.bali-island.com\/wp-content\/uploads\/2026\/04\/Logo-Tekno-Bali-Island.webp","width":512,"height":512,"caption":"Bali Island Tekno"},"image":{"@id":"https:\/\/tekno.bali-island.com\/fr\/#\/schema\/logo\/image\/"},"sameAs":["https:\/\/www.facebook.com\/people\/Wilanpedia\/61575048527927\/"]}]}},"_links":{"self":[{"href":"https:\/\/tekno.bali-island.com\/fr\/wp-json\/wp\/v2\/pages\/1654","targetHints":{"allow":["GET"]}}],"collection":[{"href":"https:\/\/tekno.bali-island.com\/fr\/wp-json\/wp\/v2\/pages"}],"about":[{"href":"https:\/\/tekno.bali-island.com\/fr\/wp-json\/wp\/v2\/types\/page"}],"author":[{"embeddable":true,"href":"https:\/\/tekno.bali-island.com\/fr\/wp-json\/wp\/v2\/users\/1"}],"replies":[{"embeddable":true,"href":"https:\/\/tekno.bali-island.com\/fr\/wp-json\/wp\/v2\/comments?post=1654"}],"version-history":[{"count":4,"href":"https:\/\/tekno.bali-island.com\/fr\/wp-json\/wp\/v2\/pages\/1654\/revisions"}],"predecessor-version":[{"id":2539,"href":"https:\/\/tekno.bali-island.com\/fr\/wp-json\/wp\/v2\/pages\/1654\/revisions\/2539"}],"wp:attachment":[{"href":"https:\/\/tekno.bali-island.com\/fr\/wp-json\/wp\/v2\/media?parent=1654"}],"curies":[{"name":"wp","href":"https:\/\/api.w.org\/{rel}","templated":true}]}}