{"id":1658,"date":"2026-02-13T01:45:04","date_gmt":"2026-02-12T17:45:04","guid":{"rendered":"https:\/\/www.tekno.bali-island.com\/?page_id=1658"},"modified":"2026-04-07T14:26:55","modified_gmt":"2026-04-07T06:26:55","slug":"chi-siamo","status":"publish","type":"page","link":"https:\/\/tekno.bali-island.com\/it\/chi-siamo\/","title":{"rendered":"Chi siamo"},"content":{"rendered":"\n<p><a href=\"https:\/\/tekno.bali-island.com\/it\/\"><strong>tekno.bali-island.com<\/strong><\/a> \u00e8 una piattaforma multimediale digitale dedicata a fornire approfondimenti tecnologici informativi, orientati alle soluzioni e pertinenti. Ci impegniamo a essere una guida tecnologica affidabile per i lettori indonesiani, dando priorit\u00e0 a informazioni accurate, facilit\u00e0 di comprensione e recensioni oggettive.<br>Fondata con la passione di semplificare le complessit\u00e0 del mondo digitale, <a href=\"https:\/\/tekno.bali-island.com\/it\/\"><strong>tekno.bali-island.com<\/strong><\/a> offre una variet\u00e0 di approfondimenti, dai gadget pi\u00f9 recenti e guide informatiche ai consigli per applicazioni produttive, fino a suggerimenti e trucchi pratici pronti ad aiutarti nella tua vita quotidiana.<br>Crediamo che la tecnologia debba semplificare le cose, non confonderle. Pertanto, Wilanpedia non \u00e8 qui solo per trasmettere specifiche tecniche, ma anche per fornire approfondimenti, soluzioni e ispirazione affinch\u00e9 tu possa massimizzare il potenziale della tecnologia che hai tra le mani.<\/p>\n\n\n\n<h2 class=\"wp-block-heading\">Contatti<\/h2>\n\n\n\n<p>Email: info@bali-island.com<\/p>\n\n\n\n<p><\/p>\n\n\n\n<p><\/p>\n","protected":false},"excerpt":{"rendered":"<p>tekno.bali-island.com \u00e8 una piattaforma multimediale digitale dedicata a fornire approfondimenti tecnologici informativi, orientati alle soluzioni e pertinenti. Ci impegniamo a essere una guida tecnologica affidabile per i lettori indonesiani, dando priorit\u00e0 a informazioni accurate, facilit\u00e0 di comprensione e recensioni oggettive.Fondata con la passione di semplificare le complessit\u00e0 del mondo digitale, tekno.bali-island.com offre una variet\u00e0 di approfondimenti, dai gadget pi\u00f9 recenti e guide informatiche ai consigli per applicazioni produttive, fino a suggerimenti e trucchi pratici pronti ad aiutarti nella tua vita quotidiana.Crediamo che la tecnologia debba semplificare le cose, non confonderle. Pertanto, Wilanpedia non \u00e8 qui solo per trasmettere specifiche tecniche, ma anche per fornire approfondimenti, soluzioni e ispirazione affinch\u00e9 tu possa massimizzare il potenziale della tecnologia che hai tra le mani. Contatti Email: info@bali-island.com<\/p>\n","protected":false},"author":1,"featured_media":0,"parent":0,"menu_order":0,"comment_status":"closed","ping_status":"closed","template":"","meta":{"_acf_changed":false,"footnotes":""},"class_list":["post-1658","page","type-page","status-publish","hentry"],"acf":[],"yoast_head":"<!-- This site is optimized with the Yoast SEO plugin v26.7 - https:\/\/yoast.com\/wordpress\/plugins\/seo\/ -->\n<title>Chi siamo<\/title>\n<meta name=\"description\" content=\"Informazioni su Bali Island Tekno : Forniamo informazioni informative e didattiche su gadget, computer, applicazioni, suggerimenti e trucchi.\" \/>\n<meta name=\"robots\" content=\"index, follow, max-snippet:-1, max-image-preview:large, max-video-preview:-1\" \/>\n<link rel=\"canonical\" href=\"https:\/\/tekno.bali-island.com\/it\/chi-siamo\/\" \/>\n<meta property=\"og:locale\" content=\"it_IT\" \/>\n<meta property=\"og:type\" content=\"article\" \/>\n<meta property=\"og:title\" content=\"Chi siamo\" \/>\n<meta property=\"og:description\" content=\"Informazioni su Bali Island Tekno : Forniamo informazioni informative e didattiche su gadget, computer, applicazioni, suggerimenti e trucchi.\" \/>\n<meta property=\"og:url\" content=\"https:\/\/tekno.bali-island.com\/it\/chi-siamo\/\" \/>\n<meta property=\"og:site_name\" content=\"Bali Island Tekno\" \/>\n<meta property=\"article:publisher\" content=\"https:\/\/www.facebook.com\/people\/Wilanpedia\/61575048527927\/\" \/>\n<meta property=\"article:modified_time\" content=\"2026-04-07T06:26:55+00:00\" \/>\n<meta property=\"og:image\" content=\"https:\/\/tekno.bali-island.com\/wp-content\/uploads\/2026\/04\/Logo-Tekno-Bali-Island.webp\" \/>\n\t<meta property=\"og:image:width\" content=\"512\" \/>\n\t<meta property=\"og:image:height\" content=\"512\" \/>\n\t<meta property=\"og:image:type\" content=\"image\/webp\" \/>\n<meta name=\"twitter:card\" content=\"summary_large_image\" \/>\n<meta name=\"twitter:label1\" content=\"Tempo di lettura stimato\" \/>\n\t<meta name=\"twitter:data1\" content=\"1 minuto\" \/>\n<script type=\"application\/ld+json\" class=\"yoast-schema-graph\">{\"@context\":\"https:\/\/schema.org\",\"@graph\":[{\"@type\":\"WebPage\",\"@id\":\"https:\/\/tekno.bali-island.com\/it\/chi-siamo\/\",\"url\":\"https:\/\/tekno.bali-island.com\/it\/chi-siamo\/\",\"name\":\"Chi siamo\",\"isPartOf\":{\"@id\":\"https:\/\/tekno.bali-island.com\/it\/#website\"},\"datePublished\":\"2026-02-12T17:45:04+00:00\",\"dateModified\":\"2026-04-07T06:26:55+00:00\",\"description\":\"Informazioni su Bali Island Tekno : Forniamo informazioni informative e didattiche su gadget, computer, applicazioni, suggerimenti e trucchi.\",\"breadcrumb\":{\"@id\":\"https:\/\/tekno.bali-island.com\/it\/chi-siamo\/#breadcrumb\"},\"inLanguage\":\"it-IT\",\"potentialAction\":[{\"@type\":\"ReadAction\",\"target\":[\"https:\/\/tekno.bali-island.com\/it\/chi-siamo\/\"]}]},{\"@type\":\"BreadcrumbList\",\"@id\":\"https:\/\/tekno.bali-island.com\/it\/chi-siamo\/#breadcrumb\",\"itemListElement\":[{\"@type\":\"ListItem\",\"position\":1,\"name\":\"Home\",\"item\":\"https:\/\/tekno.bali-island.com\/it\/\"},{\"@type\":\"ListItem\",\"position\":2,\"name\":\"Chi siamo\"}]},{\"@type\":\"WebSite\",\"@id\":\"https:\/\/tekno.bali-island.com\/it\/#website\",\"url\":\"https:\/\/tekno.bali-island.com\/it\/\",\"name\":\"Bali Island Tekno\",\"description\":\"\",\"publisher\":{\"@id\":\"https:\/\/tekno.bali-island.com\/it\/#organization\"},\"potentialAction\":[{\"@type\":\"SearchAction\",\"target\":{\"@type\":\"EntryPoint\",\"urlTemplate\":\"https:\/\/tekno.bali-island.com\/it\/?s={search_term_string}\"},\"query-input\":{\"@type\":\"PropertyValueSpecification\",\"valueRequired\":true,\"valueName\":\"search_term_string\"}}],\"inLanguage\":\"it-IT\"},{\"@type\":\"Organization\",\"@id\":\"https:\/\/tekno.bali-island.com\/it\/#organization\",\"name\":\"Bali Island Tekno\",\"url\":\"https:\/\/tekno.bali-island.com\/it\/\",\"logo\":{\"@type\":\"ImageObject\",\"inLanguage\":\"it-IT\",\"@id\":\"https:\/\/tekno.bali-island.com\/it\/#\/schema\/logo\/image\/\",\"url\":\"https:\/\/tekno.bali-island.com\/wp-content\/uploads\/2026\/04\/Logo-Tekno-Bali-Island.webp\",\"contentUrl\":\"https:\/\/tekno.bali-island.com\/wp-content\/uploads\/2026\/04\/Logo-Tekno-Bali-Island.webp\",\"width\":512,\"height\":512,\"caption\":\"Bali Island Tekno\"},\"image\":{\"@id\":\"https:\/\/tekno.bali-island.com\/it\/#\/schema\/logo\/image\/\"},\"sameAs\":[\"https:\/\/www.facebook.com\/people\/Wilanpedia\/61575048527927\/\"]}]}<\/script>\n<!-- \/ Yoast SEO plugin. -->","yoast_head_json":{"title":"Chi siamo","description":"Informazioni su Bali Island Tekno : Forniamo informazioni informative e didattiche su gadget, computer, applicazioni, suggerimenti e trucchi.","robots":{"index":"index","follow":"follow","max-snippet":"max-snippet:-1","max-image-preview":"max-image-preview:large","max-video-preview":"max-video-preview:-1"},"canonical":"https:\/\/tekno.bali-island.com\/it\/chi-siamo\/","og_locale":"it_IT","og_type":"article","og_title":"Chi siamo","og_description":"Informazioni su Bali Island Tekno : Forniamo informazioni informative e didattiche su gadget, computer, applicazioni, suggerimenti e trucchi.","og_url":"https:\/\/tekno.bali-island.com\/it\/chi-siamo\/","og_site_name":"Bali Island Tekno","article_publisher":"https:\/\/www.facebook.com\/people\/Wilanpedia\/61575048527927\/","article_modified_time":"2026-04-07T06:26:55+00:00","og_image":[{"width":512,"height":512,"url":"https:\/\/tekno.bali-island.com\/wp-content\/uploads\/2026\/04\/Logo-Tekno-Bali-Island.webp","type":"image\/webp"}],"twitter_card":"summary_large_image","twitter_misc":{"Tempo di lettura stimato":"1 minuto"},"schema":{"@context":"https:\/\/schema.org","@graph":[{"@type":"WebPage","@id":"https:\/\/tekno.bali-island.com\/it\/chi-siamo\/","url":"https:\/\/tekno.bali-island.com\/it\/chi-siamo\/","name":"Chi siamo","isPartOf":{"@id":"https:\/\/tekno.bali-island.com\/it\/#website"},"datePublished":"2026-02-12T17:45:04+00:00","dateModified":"2026-04-07T06:26:55+00:00","description":"Informazioni su Bali Island Tekno : Forniamo informazioni informative e didattiche su gadget, computer, applicazioni, suggerimenti e trucchi.","breadcrumb":{"@id":"https:\/\/tekno.bali-island.com\/it\/chi-siamo\/#breadcrumb"},"inLanguage":"it-IT","potentialAction":[{"@type":"ReadAction","target":["https:\/\/tekno.bali-island.com\/it\/chi-siamo\/"]}]},{"@type":"BreadcrumbList","@id":"https:\/\/tekno.bali-island.com\/it\/chi-siamo\/#breadcrumb","itemListElement":[{"@type":"ListItem","position":1,"name":"Home","item":"https:\/\/tekno.bali-island.com\/it\/"},{"@type":"ListItem","position":2,"name":"Chi siamo"}]},{"@type":"WebSite","@id":"https:\/\/tekno.bali-island.com\/it\/#website","url":"https:\/\/tekno.bali-island.com\/it\/","name":"Bali Island Tekno","description":"","publisher":{"@id":"https:\/\/tekno.bali-island.com\/it\/#organization"},"potentialAction":[{"@type":"SearchAction","target":{"@type":"EntryPoint","urlTemplate":"https:\/\/tekno.bali-island.com\/it\/?s={search_term_string}"},"query-input":{"@type":"PropertyValueSpecification","valueRequired":true,"valueName":"search_term_string"}}],"inLanguage":"it-IT"},{"@type":"Organization","@id":"https:\/\/tekno.bali-island.com\/it\/#organization","name":"Bali Island Tekno","url":"https:\/\/tekno.bali-island.com\/it\/","logo":{"@type":"ImageObject","inLanguage":"it-IT","@id":"https:\/\/tekno.bali-island.com\/it\/#\/schema\/logo\/image\/","url":"https:\/\/tekno.bali-island.com\/wp-content\/uploads\/2026\/04\/Logo-Tekno-Bali-Island.webp","contentUrl":"https:\/\/tekno.bali-island.com\/wp-content\/uploads\/2026\/04\/Logo-Tekno-Bali-Island.webp","width":512,"height":512,"caption":"Bali Island Tekno"},"image":{"@id":"https:\/\/tekno.bali-island.com\/it\/#\/schema\/logo\/image\/"},"sameAs":["https:\/\/www.facebook.com\/people\/Wilanpedia\/61575048527927\/"]}]}},"_links":{"self":[{"href":"https:\/\/tekno.bali-island.com\/it\/wp-json\/wp\/v2\/pages\/1658","targetHints":{"allow":["GET"]}}],"collection":[{"href":"https:\/\/tekno.bali-island.com\/it\/wp-json\/wp\/v2\/pages"}],"about":[{"href":"https:\/\/tekno.bali-island.com\/it\/wp-json\/wp\/v2\/types\/page"}],"author":[{"embeddable":true,"href":"https:\/\/tekno.bali-island.com\/it\/wp-json\/wp\/v2\/users\/1"}],"replies":[{"embeddable":true,"href":"https:\/\/tekno.bali-island.com\/it\/wp-json\/wp\/v2\/comments?post=1658"}],"version-history":[{"count":4,"href":"https:\/\/tekno.bali-island.com\/it\/wp-json\/wp\/v2\/pages\/1658\/revisions"}],"predecessor-version":[{"id":2541,"href":"https:\/\/tekno.bali-island.com\/it\/wp-json\/wp\/v2\/pages\/1658\/revisions\/2541"}],"wp:attachment":[{"href":"https:\/\/tekno.bali-island.com\/it\/wp-json\/wp\/v2\/media?parent=1658"}],"curies":[{"name":"wp","href":"https:\/\/api.w.org\/{rel}","templated":true}]}}